{"id":6130,"date":"2024-07-11T14:51:25","date_gmt":"2024-07-11T12:51:25","guid":{"rendered":"https:\/\/www.vargenthor.nl\/product\/modell-x-zwarte-hapjespan\/"},"modified":"2026-04-28T19:24:35","modified_gmt":"2026-04-28T17:24:35","slug":"modell-x-zwarte-hapjespan","status":"publish","type":"product","link":"https:\/\/www.vargenthor.nl\/fr\/product\/serie\/arvet\/modell-x-zwarte-hapjespan\/","title":{"rendered":"MODELL X - po\u00eale \u00e0 frire noire"},"content":{"rendered":"<p>MODELL X fait partie de notre s\u00e9rie embl\u00e9matique ARVET. Il est reconnaissable \u00e0 sa finition noire mate martel\u00e9e unique et \u00e0 ses d\u00e9tails en laiton.<\/p>\n<p>\u00c0 l'int\u00e9rieur, MODELL X est enti\u00e8rement \u00e9quip\u00e9 d'acier inoxydable bross\u00e9, ce qui permet \u00e0 la vitesse de chauffe de se propager rapidement et parfaitement. Il est \u00e9galement dot\u00e9 d'un rev\u00eatement innovant sans PFAS appel\u00e9 Froststick.<\/p>\n<p>Rev\u00eatement Froststick - Un v\u00e9ritable changement de donne. Un rev\u00eatement qui r\u00e9fute tout ce que vous pensiez des rev\u00eatements. Il ne contient pas de PFAS et offre une surface de friture parfaite. Combin\u00e9 \u00e0 un noyau d'aluminium comme couche interm\u00e9diaire, il permet de r\u00e9partir la vitesse de chauffe de mani\u00e8re parfaitement uniforme. Une r\u00e9partition de la chaleur \u00e0 la perfection. Une cuisson simple et naturelle.<\/p>\n<p>MODELL X peut \u00eatre utilis\u00e9 pour cuisiner sur toutes les sources de chaleur, telles que l'induction, le gaz, la vitroc\u00e9ramique, l'\u00e9mail ou le four, et peut \u00eatre lav\u00e9 au lave-vaisselle.<\/p>\n<p>Sp\u00e9cifications :<br \/>\n- Diam\u00e8tre : 28 cm<br \/>\n- Convient \u00e0 toutes les sources de chaleur, y compris l'induction<br \/>\n- R\u00e9sistant au four (&lt; 240\u00baC)<br \/>\n- Poign\u00e9e r\u00e9sistante \u00e0 la chaleur<br \/>\n- Aluminium de 2,5 mm<br \/>\n- Lavable au lave-vaisselle<br \/>\n- Couvercle noir mat inclus<br \/>\n- Poign\u00e9e en laiton<br \/>\n- Sans PFAS<\/p>","protected":false},"excerpt":{"rendered":"La po\u00eale \u00e0 frire de la s\u00e9rie ARVET, MODELL X.\r\n\r\nAvec son ext\u00e9rieur martel\u00e9 noir mat et sa poign\u00e9e en laiton, cette po\u00eale attire l'attention par son diam\u00e8tre de 28 cm et son bord sur\u00e9lev\u00e9 de 5 cm. MODELL X s'accorde parfaitement avec les autres po\u00eales de la prestigieuse s\u00e9rie ARVET de Vargen &amp; Thor.","protected":false},"featured_media":6439,"template":"","meta":{"_acf_changed":false},"product_brand":[],"product_cat":[107,110],"product_tag":[],"class_list":{"0":"post-6130","1":"product","2":"type-product","3":"status-publish","4":"has-post-thumbnail","6":"product_cat-hapjespannen","7":"product_cat-arvet","8":"product_shipping_class-2-5kg","10":"first","11":"instock","12":"sale","13":"taxable","14":"shipping-taxable","15":"purchasable","16":"product-type-simple"},"composite_virtual":false,"composite_layout":"","composite_add_to_cart_form_location":"","composite_editable_in_cart":false,"composite_sold_individually_context":"","composite_shop_price_calc":"","composite_components":[],"composite_scenarios":[],"exclude_global_add_ons":[],"addons":[],"acf":[],"yoast_head":null,"yoast_head_json":null,"_links":{"self":[{"href":"https:\/\/www.vargenthor.nl\/fr\/wp-json\/wp\/v2\/product\/6130","targetHints":{"allow":["GET"]}}],"collection":[{"href":"https:\/\/www.vargenthor.nl\/fr\/wp-json\/wp\/v2\/product"}],"about":[{"href":"https:\/\/www.vargenthor.nl\/fr\/wp-json\/wp\/v2\/types\/product"}],"wp:featuredmedia":[{"embeddable":true,"href":"https:\/\/www.vargenthor.nl\/fr\/wp-json\/wp\/v2\/media\/6439"}],"wp:attachment":[{"href":"https:\/\/www.vargenthor.nl\/fr\/wp-json\/wp\/v2\/media?parent=6130"}],"wp:term":[{"taxonomy":"product_brand","embeddable":true,"href":"https:\/\/www.vargenthor.nl\/fr\/wp-json\/wp\/v2\/product_brand?post=6130"},{"taxonomy":"product_cat","embeddable":true,"href":"https:\/\/www.vargenthor.nl\/fr\/wp-json\/wp\/v2\/product_cat?post=6130"},{"taxonomy":"product_tag","embeddable":true,"href":"https:\/\/www.vargenthor.nl\/fr\/wp-json\/wp\/v2\/product_tag?post=6130"}],"curies":[{"name":"wp","href":"https:\/\/api.w.org\/{rel}","templated":true}]}}