{"id":6127,"date":"2024-07-11T14:51:23","date_gmt":"2024-07-11T12:51:23","guid":{"rendered":"https:\/\/www.vargenthor.nl\/product\/noelle-28-liter-koperen-pan\/"},"modified":"2026-04-29T19:38:52","modified_gmt":"2026-04-29T17:38:52","slug":"noelle-28-liter-koperen-pan","status":"publish","type":"product","link":"https:\/\/www.vargenthor.nl\/fr\/product\/serie\/mjolner\/noelle-28-liter-koperen-pan\/","title":{"rendered":"NOELLE - Cuvette en cuivre de 2,8 litres"},"content":{"rendered":"<p>Notre s\u00e9rie MJ\u00d6LNER est devenue une ic\u00f4ne parmi les professionnels et les amateurs. Elle est reconnaissable \u00e0 sa finition unique en cuivre martel\u00e9 et \u00e0 ses d\u00e9tails en acier inoxydable. Une taille interm\u00e9diaire parfaite pour VERA (1,6 L) et MIRANDA (4 L) et donc un compl\u00e9ment parfait \u00e0 l'ensemble de la s\u00e9rie MJ\u00d6LNER.<\/p>\n<p>Son int\u00e9rieur est enti\u00e8rement rev\u00eatu d'acier inoxydable bross\u00e9. La combinaison d'un c\u0153ur en aluminium comme couche interm\u00e9diaire et d'un ext\u00e9rieur en cuivre v\u00e9ritable garantit une vitesse de chauffe et une r\u00e9gularit\u00e9 optimales. Sans PFAS et avec une r\u00e9partition parfaite de la chaleur.<\/p>\n<p>NOELLE peut \u00eatre utilis\u00e9 pour cuisiner sur toutes les sources de chaleur, y compris l'induction, le gaz, la vitroc\u00e9ramique, l'\u00e9mail et peut \u00eatre lav\u00e9 au lave-vaisselle.<\/p>\n<p>Sp\u00e9cifications :<br \/>\n- Diam\u00e8tre : 21 cm<br \/>\n- Capacit\u00e9 : 2,8 litres (3 litres \u00e0 ras bord)<br \/>\n- Convient \u00e0 toutes les sources de chaleur, y compris l'induction<br \/>\n- Poign\u00e9es r\u00e9sistantes \u00e0 la chaleur<br \/>\n- Aluminium de 2,5 mm<br \/>\n- Lavable au lave-vaisselle<br \/>\n- Couvercle en verre avec bord en acier inoxydable inclus<br \/>\n- Poign\u00e9es en acier inoxydable, chrom\u00e9es<br \/>\n- Sans PFAS<\/p>\n<p>Remarque : le cuivre est un produit naturel qui se d\u00e9colore \u00e0 l'usage, car il s'oxyde naturellement. Pour conserver la couleur et l'\u00e9clat d'origine, nous recommandons de polir le cuivre.<\/p>","protected":false},"excerpt":{"rendered":"La casserole tant attendue. La taille interm\u00e9diaire de la s\u00e9rie de casseroles en cuivre embl\u00e9matique de MJ\u00d6LNER, NOELLE.\r\n\r\nNOELLE est une casserole en cuivre v\u00e9ritable d'une capacit\u00e9 de 2,8 litres, fabriqu\u00e9e de mani\u00e8re experte avec la finition embl\u00e9matique du marteau. Elle s'harmonise parfaitement avec les autres casseroles de la prestigieuse s\u00e9rie MJ\u00d6LNER de Vargen &amp; Thor.","protected":false},"featured_media":6257,"template":"","meta":{"_acf_changed":false},"product_brand":[],"product_cat":[104,106],"product_tag":[],"class_list":{"0":"post-6127","1":"product","2":"type-product","3":"status-publish","4":"has-post-thumbnail","6":"product_cat-kookpannen","7":"product_cat-mjolner","8":"product_shipping_class-2-5kg","10":"first","11":"instock","12":"sale","13":"taxable","14":"shipping-taxable","15":"purchasable","16":"product-type-simple"},"composite_virtual":false,"composite_layout":"","composite_add_to_cart_form_location":"","composite_editable_in_cart":false,"composite_sold_individually_context":"","composite_shop_price_calc":"","composite_components":[],"composite_scenarios":[],"exclude_global_add_ons":[],"addons":[],"acf":[],"yoast_head":null,"yoast_head_json":null,"_links":{"self":[{"href":"https:\/\/www.vargenthor.nl\/fr\/wp-json\/wp\/v2\/product\/6127","targetHints":{"allow":["GET"]}}],"collection":[{"href":"https:\/\/www.vargenthor.nl\/fr\/wp-json\/wp\/v2\/product"}],"about":[{"href":"https:\/\/www.vargenthor.nl\/fr\/wp-json\/wp\/v2\/types\/product"}],"wp:featuredmedia":[{"embeddable":true,"href":"https:\/\/www.vargenthor.nl\/fr\/wp-json\/wp\/v2\/media\/6257"}],"wp:attachment":[{"href":"https:\/\/www.vargenthor.nl\/fr\/wp-json\/wp\/v2\/media?parent=6127"}],"wp:term":[{"taxonomy":"product_brand","embeddable":true,"href":"https:\/\/www.vargenthor.nl\/fr\/wp-json\/wp\/v2\/product_brand?post=6127"},{"taxonomy":"product_cat","embeddable":true,"href":"https:\/\/www.vargenthor.nl\/fr\/wp-json\/wp\/v2\/product_cat?post=6127"},{"taxonomy":"product_tag","embeddable":true,"href":"https:\/\/www.vargenthor.nl\/fr\/wp-json\/wp\/v2\/product_tag?post=6127"}],"curies":[{"name":"wp","href":"https:\/\/api.w.org\/{rel}","templated":true}]}}