{"id":6125,"date":"2024-07-11T14:51:22","date_gmt":"2024-07-11T12:51:22","guid":{"rendered":"https:\/\/www.vargenthor.nl\/product\/modell-y-koperen-hapjespan\/"},"modified":"2026-03-26T17:49:52","modified_gmt":"2026-03-26T16:49:52","slug":"modell-y-koperen-hapjespan","status":"publish","type":"product","link":"https:\/\/www.vargenthor.nl\/fr\/produit\/serie\/mjolner\/modell-y-koperen-hapjespan\/","title":{"rendered":"MODELL Y - po\u00eale \u00e0 frire en cuivre"},"content":{"rendered":"<p>MODELL Y fait partie de notre s\u00e9rie embl\u00e9matique MJ\u00d6LNER. Il est reconnaissable \u00e0 sa finition unique en cuivre martel\u00e9 et \u00e0 ses d\u00e9tails en acier inoxydable.<\/p>\n<p>\u00c0 l'int\u00e9rieur, MODELL Y est enti\u00e8rement \u00e9quip\u00e9 d'acier inoxydable bross\u00e9, ce qui permet \u00e0 la vitesse de chauffe de se propager rapidement et parfaitement. Il est \u00e9galement dot\u00e9 d'un rev\u00eatement innovant sans PFAS appel\u00e9 Froststick.<\/p>\n<p>Rev\u00eatement Froststick - Un v\u00e9ritable changement de donne. Un rev\u00eatement qui r\u00e9fute tout ce que vous pensiez des rev\u00eatements. Il ne contient pas de PFAS et offre une surface de friture parfaite. Combin\u00e9 \u00e0 un noyau d'aluminium comme couche interm\u00e9diaire, il permet de r\u00e9partir la vitesse de chauffe de mani\u00e8re parfaitement uniforme. Une r\u00e9partition de la chaleur \u00e0 la perfection. Une cuisson simple et naturelle.<\/p>\n<p>MODELL Y peut \u00eatre utilis\u00e9 pour cuisiner sur toutes les sources de chaleur, telles que l'induction, le gaz, la vitroc\u00e9ramique, l'\u00e9mail ou le four, et peut \u00eatre lav\u00e9 au lave-vaisselle.<\/p>\n<p>Sp\u00e9cifications :<br \/>\n- Diam\u00e8tre : 28 cm<br \/>\n- Convient \u00e0 toutes les sources de chaleur, y compris l'induction<br \/>\n- R\u00e9sistant au four (&lt; 240\u00baC)<br \/>\n- Poign\u00e9e r\u00e9sistante \u00e0 la chaleur<br \/>\n- Aluminium de 2,5 mm<br \/>\n- Lavable au lave-vaisselle<br \/>\n- Couvercle en verre avec bord en acier inoxydable inclus<br \/>\n- Manche en acier inoxydable, chrom\u00e9<br \/>\n- Sans PFAS<\/p>\n<p>Remarque : le cuivre est un produit naturel qui se d\u00e9colore \u00e0 l'usage, car il s'oxyde naturellement. Pour conserver la couleur et l'\u00e9clat d'origine, nous recommandons de polir le cuivre.<\/p>","protected":false},"excerpt":{"rendered":"La po\u00eale \u00e0 frire de la s\u00e9rie MJ\u00d6LNER, MODELL Y.\r\n\r\nCette po\u00eale en cuivre v\u00e9ritable a un diam\u00e8tre de 28 cm et un bord sur\u00e9lev\u00e9 de 5 cm. Elle a \u00e9t\u00e9 fabriqu\u00e9e de mani\u00e8re experte avec la finition embl\u00e9matique du marteau. Elle s'harmonise parfaitement avec les autres po\u00eales de la prestigieuse s\u00e9rie MJ\u00d6LNER de Vargen &amp; Thor.","protected":false},"featured_media":6432,"template":"","meta":{"_acf_changed":false},"product_brand":[],"product_cat":[107,106],"product_tag":[],"class_list":{"0":"post-6125","1":"product","2":"type-product","3":"status-publish","4":"has-post-thumbnail","6":"product_cat-hapjespannen","7":"product_cat-mjolner","8":"product_shipping_class-2-5kg","10":"first","11":"instock","12":"sale","13":"taxable","14":"shipping-taxable","15":"purchasable","16":"product-type-simple"},"composite_virtual":false,"composite_layout":"","composite_add_to_cart_form_location":"","composite_editable_in_cart":false,"composite_sold_individually_context":"","composite_shop_price_calc":"","composite_components":[],"composite_scenarios":[],"exclude_global_add_ons":[],"addons":[],"acf":[],"yoast_head":null,"yoast_head_json":null,"_links":{"self":[{"href":"https:\/\/www.vargenthor.nl\/fr\/wp-json\/wp\/v2\/product\/6125","targetHints":{"allow":["GET"]}}],"collection":[{"href":"https:\/\/www.vargenthor.nl\/fr\/wp-json\/wp\/v2\/product"}],"about":[{"href":"https:\/\/www.vargenthor.nl\/fr\/wp-json\/wp\/v2\/types\/product"}],"wp:featuredmedia":[{"embeddable":true,"href":"https:\/\/www.vargenthor.nl\/fr\/wp-json\/wp\/v2\/media\/6432"}],"wp:attachment":[{"href":"https:\/\/www.vargenthor.nl\/fr\/wp-json\/wp\/v2\/media?parent=6125"}],"wp:term":[{"taxonomy":"product_brand","embeddable":true,"href":"https:\/\/www.vargenthor.nl\/fr\/wp-json\/wp\/v2\/product_brand?post=6125"},{"taxonomy":"product_cat","embeddable":true,"href":"https:\/\/www.vargenthor.nl\/fr\/wp-json\/wp\/v2\/product_cat?post=6125"},{"taxonomy":"product_tag","embeddable":true,"href":"https:\/\/www.vargenthor.nl\/fr\/wp-json\/wp\/v2\/product_tag?post=6125"}],"curies":[{"name":"wp","href":"https:\/\/api.w.org\/{rel}","templated":true}]}}