{"id":6213,"date":"2024-07-11T14:52:15","date_gmt":"2024-07-11T12:52:15","guid":{"rendered":"https:\/\/www.vargenthor.nl\/product\/smashjarn-hamburgerpers\/"},"modified":"2025-12-05T11:26:15","modified_gmt":"2025-12-05T10:26:15","slug":"smashjarn-hamburgerpers","status":"publish","type":"product","link":"https:\/\/www.vargenthor.nl\/en\/product\/accessoires-en-overig\/overige\/smashjarn-hamburgerpers\/","title":{"rendered":"SMASHJ\u00c4RN Hamburger press"},"content":{"rendered":"<p>GL\u00d6D Smashj\u00e4rn is a burger press to make the perfect crushed burger. This ensures a crisp exterior (crust) and a juicier burger.<br \/>\nSturdy handle to work with, along with a completely smooth underside. This press will last with you for a long time.<\/p>\n<p>The burger press is made entirely in Sweden and finished in high-gloss polished steel.<\/p>\n<p>Features:<br \/>\no Thickness 4 mm<br \/>\no Diameter 14 cm<br \/>\no Height 4.5 cm<br \/>\no Weight 530 grams<br \/>\no Dishwasher-safe<\/p>\n<p>Note:<br \/>\nThe hamburger press is largely handmade and may therefore vary in appearance, for example at the weld seam at the attachment of the handle. Each iron is unique and we find that charming.<\/p>","protected":false},"excerpt":{"rendered":"For grillers in general and burger lovers in particular, here is the Vargen &amp; Thor Hamburger Press; GL\u00d6D Smashj\u00e4rn.","protected":false},"featured_media":6293,"template":"","meta":{"_acf_changed":false},"product_brand":[],"product_cat":[172],"product_tag":[],"class_list":{"0":"post-6213","1":"product","2":"type-product","3":"status-publish","4":"has-post-thumbnail","6":"product_cat-overige","7":"product_shipping_class-0-2kg","9":"first","10":"instock","11":"taxable","12":"shipping-taxable","13":"purchasable","14":"product-type-simple"},"composite_virtual":false,"composite_layout":"","composite_add_to_cart_form_location":"","composite_editable_in_cart":false,"composite_sold_individually_context":"","composite_shop_price_calc":"","composite_components":[],"composite_scenarios":[],"exclude_global_add_ons":[],"addons":[],"acf":[],"yoast_head":null,"yoast_head_json":null,"_links":{"self":[{"href":"https:\/\/www.vargenthor.nl\/en\/wp-json\/wp\/v2\/product\/6213","targetHints":{"allow":["GET"]}}],"collection":[{"href":"https:\/\/www.vargenthor.nl\/en\/wp-json\/wp\/v2\/product"}],"about":[{"href":"https:\/\/www.vargenthor.nl\/en\/wp-json\/wp\/v2\/types\/product"}],"wp:featuredmedia":[{"embeddable":true,"href":"https:\/\/www.vargenthor.nl\/en\/wp-json\/wp\/v2\/media\/6293"}],"wp:attachment":[{"href":"https:\/\/www.vargenthor.nl\/en\/wp-json\/wp\/v2\/media?parent=6213"}],"wp:term":[{"taxonomy":"product_brand","embeddable":true,"href":"https:\/\/www.vargenthor.nl\/en\/wp-json\/wp\/v2\/product_brand?post=6213"},{"taxonomy":"product_cat","embeddable":true,"href":"https:\/\/www.vargenthor.nl\/en\/wp-json\/wp\/v2\/product_cat?post=6213"},{"taxonomy":"product_tag","embeddable":true,"href":"https:\/\/www.vargenthor.nl\/en\/wp-json\/wp\/v2\/product_tag?post=6213"}],"curies":[{"name":"wp","href":"https:\/\/api.w.org\/{rel}","templated":true}]}}